{"id":2187,"date":"2025-11-28T15:17:09","date_gmt":"2025-11-28T15:17:09","guid":{"rendered":"https:\/\/thehamptonslanzarote.com\/allgemeine-geschaeftsbedingungen\/"},"modified":"2026-02-25T13:33:40","modified_gmt":"2026-02-25T13:33:40","slug":"allgemeine-geschaeftsbedingungen","status":"publish","type":"page","link":"https:\/\/thehamptonslanzarote.com\/de\/allgemeine-geschaeftsbedingungen\/","title":{"rendered":"Allgemeine Gesch\u00e4ftsbedingungen"},"content":{"rendered":"<style>.elementor-2187 .elementor-element.elementor-element-22cb54f{--display:flex;--min-height:230px;--flex-direction:column;--container-widget-width:100%;--container-widget-height:initial;--container-widget-flex-grow:0;--container-widget-align-self:initial;--flex-wrap-mobile:wrap;--margin-top:-50px;--margin-bottom:0px;--margin-left:0px;--margin-right:0px;--padding-top:0px;--padding-bottom:0px;--padding-left:0px;--padding-right:0px;}.elementor-2187 .elementor-element.elementor-element-22cb54f:not(.elementor-motion-effects-element-type-background), .elementor-2187 .elementor-element.elementor-element-22cb54f > .elementor-motion-effects-container > .elementor-motion-effects-layer{background-color:var( --e-global-color-secondary );}.elementor-2187 .elementor-element.elementor-element-22cb54f.e-con{--align-self:center;}.elementor-2187 .elementor-element.elementor-element-63eb962{--display:flex;--margin-top:050px;--margin-bottom:0px;--margin-left:0px;--margin-right:0px;--padding-top:0px;--padding-bottom:0px;--padding-left:0px;--padding-right:0px;}.elementor-2187 .elementor-element.elementor-element-75194e0 .elementor-heading-title{font-family:\"Marcellus\", Sans-serif;font-size:51px;font-weight:500;text-transform:none;}.elementor-2187 .elementor-element.elementor-element-b2de9a1{font-family:\"Marcellus\", Sans-serif;font-size:17px;color:var( --e-global-color-text );}@media(max-width:1024px){.elementor-2187 .elementor-element.elementor-element-22cb54f{--min-height:12vh;--margin-top:-28px;--margin-bottom:0px;--margin-left:0px;--margin-right:0px;}.elementor-2187 .elementor-element.elementor-element-63eb962{--padding-top:0%;--padding-bottom:0%;--padding-left:6%;--padding-right:6%;}.elementor-2187 .elementor-element.elementor-element-b2de9a1{font-size:15px;line-height:21px;}}@media(max-width:767px){.elementor-2187 .elementor-element.elementor-element-22cb54f{--margin-top:0px;--margin-bottom:0px;--margin-left:0px;--margin-right:0px;}.elementor-2187 .elementor-element.elementor-element-75194e0 .elementor-heading-title{font-size:32px;}}\/* Start Custom Fonts CSS *\/@font-face {\n\tfont-family: 'Marcellus';\n\tfont-style: normal;\n\tfont-weight: normal;\n\tfont-display: auto;\n\tsrc: url('https:\/\/thehamptonslanzarote.com\/wp-content\/uploads\/2025\/12\/Marcellus-Regular.woff2') format('woff2'),\n\t\turl('https:\/\/thehamptonslanzarote.com\/wp-content\/uploads\/2025\/12\/Marcellus-Regular.woff') format('woff'),\n\t\turl('https:\/\/thehamptonslanzarote.com\/wp-content\/uploads\/2025\/12\/Marcellus-Regular.ttf') format('truetype');\n}\n\/* End Custom Fonts CSS *\/<\/style>\t\t<div data-elementor-type=\"wp-page\" data-elementor-id=\"2187\" class=\"elementor elementor-2187 elementor-2133\" data-elementor-post-type=\"page\">\n\t\t\t\t<div class=\"elementor-element elementor-element-22cb54f e-con-full e-flex e-con e-parent\" data-id=\"22cb54f\" data-element_type=\"container\" data-e-type=\"container\" data-settings=\"{&quot;background_background&quot;:&quot;classic&quot;}\">\n\t\t\t\t<\/div>\n\t\t<div class=\"elementor-element elementor-element-63eb962 e-flex e-con-boxed e-con e-parent\" data-id=\"63eb962\" data-element_type=\"container\" data-e-type=\"container\">\n\t\t\t\t\t<div class=\"e-con-inner\">\n\t\t\t\t<div class=\"elementor-element elementor-element-75194e0 elementor-widget elementor-widget-heading\" data-id=\"75194e0\" data-element_type=\"widget\" data-e-type=\"widget\" data-widget_type=\"heading.default\">\n\t\t\t\t\t<h2 class=\"elementor-heading-title elementor-size-default\">Allgemeine Gesch\u00e4ftsbedingungen<\/h2>\t\t\t\t<\/div>\n\t\t\t\t<div class=\"elementor-element elementor-element-b2de9a1 elementor-widget elementor-widget-text-editor\" data-id=\"b2de9a1\" data-element_type=\"widget\" data-e-type=\"widget\" data-widget_type=\"text-editor.default\">\n\t\t\t\t\t\t\t\t\t<p><b>Beschreibung der Unterkunft<\/b><\/p><p><span style=\"font-weight: 400;\">The Hamptons Collection ist eine exklusive Luxusvilla in der Calle Tanausu 110, Puerto Calero, Lanzarote. Die Unterkunft bietet private Unterk\u00fcnfte f\u00fcr maximal 6 G\u00e4ste auf Basis einer vollst\u00e4ndigen Villenmiete. <\/span><\/p><p><span style=\"font-weight: 400;\">Ausstattung der Villa:<\/span><\/p><ul><li style=\"font-weight: 400;\" aria-level=\"1\"><span style=\"font-weight: 400;\">3 Schlafzimmer (2 Einzelbetten, 1 Kingsize-Bett, 2 Doppelbetten)<\/span><\/li><li style=\"font-weight: 400;\" aria-level=\"1\"><span style=\"font-weight: 400;\">5 Badezimmer<\/span><\/li><li style=\"font-weight: 400;\" aria-level=\"1\"><span style=\"font-weight: 400;\">Maximale Kapazit\u00e4t: 6 Personen<\/span><\/li><li aria-level=\"1\"><span style=\"font-weight: 400;\"><span style=\"font-weight: 400;\">Privater beheizter Pool, <\/span><\/span>1,30 m tief<\/li><li style=\"font-weight: 400;\" aria-level=\"1\"><span style=\"font-weight: 400;\">Garmin professioneller Golfsimulator GARMIN R50<\/span><\/li><li aria-level=\"1\"><span style=\"font-weight: 400;\">Privater Fitnessraum, <\/span>Ausstattung: Nohrd premium solid wood <\/li><li style=\"font-weight: 400;\" aria-level=\"1\"><span style=\"font-weight: 400;\">Kinoraum<\/span><\/li><li style=\"font-weight: 400;\" aria-level=\"1\"><span style=\"font-weight: 400;\">Voll ausgestattete K\u00fcche mit Premium-Ger\u00e4ten<\/span><\/li><li style=\"font-weight: 400;\" aria-level=\"1\"><span style=\"font-weight: 400;\">Essbereiche im Innen- und Au\u00dfenbereich<\/span><\/li><li style=\"font-weight: 400;\" aria-level=\"1\"><span style=\"font-weight: 400;\">2 Au\u00dfen-Cabanas<\/span><\/li><li style=\"font-weight: 400;\" aria-level=\"1\"><span style=\"font-weight: 400;\">2 Weber-Grills<\/span><\/li><li style=\"font-weight: 400;\" aria-level=\"1\"><span style=\"font-weight: 400;\">Gas-Heizstrahler f\u00fcr den Au\u00dfenbereich<\/span><\/li><li style=\"font-weight: 400;\" aria-level=\"1\"><span style=\"font-weight: 400;\">Klimaanlage in allen Zimmern<\/span><\/li><li style=\"font-weight: 400;\" aria-level=\"1\"><span style=\"font-weight: 400;\">Highspeed-WLAN<\/span><\/li><li style=\"font-weight: 400;\" aria-level=\"1\"><span style=\"font-weight: 400;\">4 Smart-TVs<\/span><\/li><li style=\"font-weight: 400;\" aria-level=\"1\"><span style=\"font-weight: 400;\">2 Parkpl\u00e4tze<\/span><\/li><li style=\"font-weight: 400;\" aria-level=\"1\"><span style=\"font-weight: 400;\">Begehbarer Kleiderschrank (Hauptschlafzimmer)<\/span><\/li><li style=\"font-weight: 400;\" aria-level=\"1\"><span style=\"font-weight: 400;\">Willkommenspaket<\/span><\/li><\/ul><h3> <\/h3><h3><b>Buchungsrichtlinien<\/b><\/h3><h6><b>Buchungsbest\u00e4tigung<\/b><\/h6><p><span style=\"font-weight: 400;\">Die Buchung gilt als best\u00e4tigt nach Eingang einer Anzahlung von 30 % des Gesamtbetrags. Die restlichen 70 % m\u00fcssen 30 Tage vor dem Check-in-Datum bezahlt werden. Bei Buchungen, die weniger als 30 Tage im Voraus erfolgen, muss der volle Betrag zur Best\u00e4tigung der Buchung bezahlt werden.  <\/span><\/p><h6><b>Zahlungsmethoden<\/b><\/h6><p><span style=\"font-weight: 400;\">Bank\u00fcberweisungen und g\u00e4ngige elektronische Zahlungsmethoden werden akzeptiert. Die Bankverbindung wird bei der Buchungsbest\u00e4tigung mitgeteilt. <\/span><\/p><h6>Check-in und Check-out<\/h6><h4><span style=\"font-weight: 400;\">Check-in-Zeit: 15:00 Uhr<\/span><\/h4><p><span style=\"font-weight: 400;\">Check-out-Zeit: 11:00 Uhr<\/span><\/p><p><span style=\"font-weight: 400;\">Der Zugang erfolgt \u00fcber eine Sicherheitsschl\u00fcsselbox mit Code. Die Zugangsdaten werden 48 Stunden vor Anreise mitgeteilt. <\/span><\/p><h6><b>Mindestaufenthalt<\/b><\/h6><p><span style=\"font-weight: 400;\">Der erforderliche Mindestaufenthalt kann je nach Saison variieren und wird bei der Verf\u00fcgbarkeitspr\u00fcfung angegeben.<\/span><\/p><p><span style=\"font-weight: 400;\"> <\/span><\/p><h3><b>Stornierungsbedingungen<\/b><\/h3><h6><b>Stornierung durch den Gast<\/b><\/h6><p><span style=\"font-weight: 400;\">Die Stornierungsbedingungen h\u00e4ngen vom gew\u00e4hlten Tarif ab:<\/span><\/p><p><span style=\"font-weight: 400;\"><u>Standardtarif:<\/u><\/span><\/p><ul><li style=\"font-weight: 400;\" aria-level=\"1\"><span style=\"font-weight: 400;\">Stornierungen mehr als 60 Tage im Voraus: 100 % Anzahlungserstattung<\/span><\/li><li style=\"font-weight: 400;\" aria-level=\"1\"><span style=\"font-weight: 400;\">Stornierungen zwischen 60 und 30 Tagen im Voraus: 50 % Anzahlungserstattung<\/span><\/li><li style=\"font-weight: 400;\" aria-level=\"1\"><span style=\"font-weight: 400;\">Stornierungen weniger als 30 Tage im Voraus: Keine R\u00fcckerstattung<\/span><\/li><\/ul><p><span style=\"font-weight: 400;\"> <\/span><\/p><p><span style=\"font-weight: 400;\"><u>Aktions- oder nicht erstattungsf\u00e4hige Tarife:<\/u><\/span><\/p><ul><li style=\"font-weight: 400;\" aria-level=\"1\"><span style=\"font-weight: 400;\">Keine \u00c4nderungen oder Stornierungen m\u00f6glich<\/span><\/li><li style=\"font-weight: 400;\" aria-level=\"1\"><span style=\"font-weight: 400;\">Der Gesamtbetrag wird bei Best\u00e4tigung der Buchung f\u00e4llig<\/span><\/li><li style=\"font-weight: 400;\" aria-level=\"1\"><span style=\"font-weight: 400;\">Unter keinen Umst\u00e4nden eine R\u00fcckerstattung<\/span><\/li><\/ul><h6><b> <\/b><\/h6><h6><b>Nichterscheinen<\/b><\/h6><p><span style=\"font-weight: 400;\">Im Falle des Nichterscheinens am Check-in-Datum oder einer vorzeitigen Abreise wird eine Geb\u00fchr von 100 % des Gesamtbetrags des gebuchten Aufenthalts f\u00e4llig.<\/span><\/p><h6><b>Stornierung durch den Eigent\u00fcmer<\/b><\/h6><p><span style=\"font-weight: 400;\">Green Concepts Canarias beh\u00e4lt sich das Recht vor, eine best\u00e4tigte Buchung nur unter au\u00dfergew\u00f6hnlichen Umst\u00e4nden (h\u00f6here Gewalt, schwerwiegende Probleme mit der Unterkunft) zu stornieren. In einem solchen Fall wird eine vollst\u00e4ndige R\u00fcckerstattung aller gezahlten Betr\u00e4ge angeboten oder, falls der Gast dies w\u00fcnscht, ein alternatives Datum vorgeschlagen. <\/span><\/p><h3> <\/h3><h3><b>Hausregeln<\/b><\/h3><p><span style=\"font-weight: 400;\">Um das Erlebnis aller G\u00e4ste und die optimale Instandhaltung der Unterkunft zu gew\u00e4hrleisten, gelten folgende Regeln:<\/span><\/p><ul><li style=\"font-weight: 400;\" aria-level=\"1\"><span style=\"font-weight: 400;\">Rauchen in der Villa ist nicht gestattet<\/span><\/li><li style=\"font-weight: 400;\" aria-level=\"1\"><span style=\"font-weight: 400;\">Haustiere sind nicht erlaubt<\/span><\/li><li style=\"font-weight: 400;\" aria-level=\"1\"><span style=\"font-weight: 400;\">Keine Partys oder unautorisierte Veranstaltungen<\/span><\/li><li style=\"font-weight: 400;\" aria-level=\"1\"><span style=\"font-weight: 400;\">Ruhezeiten zwischen 23:00 Uhr und 09:00 Uhr einhalten<\/span><\/li><li style=\"font-weight: 400;\" aria-level=\"1\"><span style=\"font-weight: 400;\">Maximale Kapazit\u00e4t: 6 Personen (keine zus\u00e4tzlichen G\u00e4ste ohne Genehmigung gestattet)<\/span><\/li><li style=\"font-weight: 400;\" aria-level=\"1\"><span style=\"font-weight: 400;\">Die Nutzung der Einrichtungen ist ausschlie\u00dflich registrierten G\u00e4sten vorbehalten<\/span><\/li><li style=\"font-weight: 400;\" aria-level=\"1\"><span style=\"font-weight: 400;\">Die Unterkunft in gutem Zustand halten und Sch\u00e4den oder M\u00e4ngel melden<\/span><\/li><\/ul><p><span style=\"font-weight: 400;\">Die Nichteinhaltung dieser Regeln kann zur sofortigen Beendigung der Buchung ohne Anspruch auf R\u00fcckerstattung f\u00fchren.<\/span><\/p><h6><b>Kaution<\/b><\/h6><p>Eine Kaution ist erforderlich und wird zum Zeitpunkt der Buchung angegeben. Diese Kaution wird der Kreditkarte des Gastes vor dem Check-in als tempor\u00e4re, vollst\u00e4ndig erstattungsf\u00e4hige Zahlung belastet. Nach der Abreise wird unser Team die Unterkunft innerhalb von 24 Stunden inspizieren. Sobald best\u00e4tigt wurde, dass sich die Unterkunft im gleichen Zustand wie bei der \u00dcbergabe befindet, wird die Kaution umgehend zur\u00fcckerstattet. Die R\u00fcckerstattung erscheint innerhalb von 5\u201310 Werktagen auf Ihrer Kreditkarte, abh\u00e4ngig von der Bearbeitungszeit Ihrer Bank.    <\/p><p>Die folgenden Posten werden, falls zutreffend, von der Kaution abgezogen:<\/p><ul><li>Sch\u00e4den an Eigentum, M\u00f6beln oder Ausstattung<\/li><li>Au\u00dferordentliche Reinigung aufgrund unsachgem\u00e4\u00dfer Nutzung<\/li><li>Verlorene oder fehlende Gegenst\u00e4nde<\/li><li>Nichteinhaltung der Hausregeln<\/li><\/ul><h6><b>Reinigung und Instandhaltung<\/b><\/h6><p><span style=\"font-weight: 400;\">Der Buchungspreis beinhaltet die Endreinigung der Villa. Bei Aufenthalten von mehr als 7 Tagen wird ein kostenloser Zwischenreinigungsservice angeboten. <\/span><\/p><p><span style=\"font-weight: 400;\">Von den G\u00e4sten wird erwartet, dass sie die Unterkunft w\u00e4hrend ihres Aufenthalts in einem angemessenen Zustand halten. Zus\u00e4tzliche Reinigungsdienste, W\u00e4schewechsel oder private Kochdienste k\u00f6nnen im Voraus gegen Aufpreis arrangiert werden. <\/span><\/p><h6><b>Haftung und Versicherung<\/b><\/h6><p><span style=\"font-weight: 400;\">Green Concepts Canarias ist nicht verantwortlich f\u00fcr:<\/span><\/p><ul><li style=\"font-weight: 400;\" aria-level=\"1\"><span style=\"font-weight: 400;\">Verlust, Diebstahl oder Besch\u00e4digung pers\u00f6nlicher Gegenst\u00e4nde der G\u00e4ste<\/span><\/li><li style=\"font-weight: 400;\" aria-level=\"1\"><span style=\"font-weight: 400;\">Unf\u00e4lle oder Verletzungen, die sich w\u00e4hrend des Aufenthalts auf dem Grundst\u00fcck ereignen<\/span><\/li><li style=\"font-weight: 400;\" aria-level=\"1\"><span style=\"font-weight: 400;\">Unterbrechungen \u00f6ffentlicher Dienste (Wasser, Strom, Internet) aufgrund von Ursachen, die au\u00dferhalb der Kontrolle des Eigent\u00fcmers liegen<\/span><\/li><li style=\"font-weight: 400;\" aria-level=\"1\"><span style=\"font-weight: 400;\">Ung\u00fcnstige Wetterbedingungen, die den Aufenthalt beeintr\u00e4chtigen k\u00f6nnten<\/span><\/li><\/ul><p><span style=\"font-weight: 400;\">G\u00e4sten wird dringend empfohlen, eine Reiseversicherung abzuschlie\u00dfen, die Stornierungen, Reiseunterbrechungen und Haftpflicht abdeckt. G\u00e4ste sind f\u00fcr alle w\u00e4hrend ihres Aufenthalts an der Unterkunft verursachten Sch\u00e4den verantwortlich und verpflichten sich, jeden Vorfall unverz\u00fcglich zu melden. <\/span><\/p><h3><b> <\/b><\/h3><h6><b>Dienstleistungen und Einrichtungen<\/b><\/h6><h6><b>Inbegriffene Leistungen<\/b><\/h6><ul><li style=\"font-weight: 400;\" aria-level=\"1\"><span style=\"font-weight: 400;\">Hochwertige Bettw\u00e4sche und Handt\u00fccher<\/span><\/li><li style=\"font-weight: 400;\" aria-level=\"1\"><span style=\"font-weight: 400;\">Poolhandt\u00fccher<\/span><\/li><li style=\"font-weight: 400;\" aria-level=\"1\"><span style=\"font-weight: 400;\">Willkommenspaket<\/span><\/li><li style=\"font-weight: 400;\" aria-level=\"1\"><span style=\"font-weight: 400;\">Highspeed-WLAN<\/span><\/li><li style=\"font-weight: 400;\" aria-level=\"1\"><span style=\"font-weight: 400;\">Klimaanlage in allen Zimmern<\/span><\/li><li style=\"font-weight: 400;\" aria-level=\"1\"><span style=\"font-weight: 400;\">Nutzung aller Einrichtungen der Villa (Pool, Fitnessraum, Golfsimulator, Kinoraum)<\/span><\/li><li style=\"font-weight: 400;\" aria-level=\"1\"><span style=\"font-weight: 400;\">Privater Parkplatz f\u00fcr 2 Fahrzeuge<\/span><\/li><\/ul><h6><b>Optionale Leistungen (gegen Aufpreis)<\/b><\/h6><ul><li style=\"font-weight: 400;\" aria-level=\"1\"><span style=\"font-weight: 400;\">Privatkoch<\/span><\/li><li style=\"font-weight: 400;\" aria-level=\"1\"><span style=\"font-weight: 400;\">Catering-Dienste<\/span><\/li><li style=\"font-weight: 400;\" aria-level=\"1\"><span style=\"font-weight: 400;\">T\u00e4gliche zus\u00e4tzliche Reinigung<\/span><\/li><li style=\"font-weight: 400;\" aria-level=\"1\"><span style=\"font-weight: 400;\">Transfer zum\/vom Flughafen<\/span><\/li><li style=\"font-weight: 400;\" aria-level=\"1\"><span style=\"font-weight: 400;\">Fahrzeugmiete<\/span><\/li><li style=\"font-weight: 400;\" aria-level=\"1\"><span style=\"font-weight: 400;\">Buchung von Aktivit\u00e4ten und Ausfl\u00fcgen<\/span><\/li><li style=\"font-weight: 400;\" aria-level=\"1\"><span style=\"font-weight: 400;\">Einkauf vor Anreise<\/span><\/li><\/ul><p><span style=\"font-weight: 400;\">Zus\u00e4tzliche Leistungen m\u00fcssen mindestens 72 Stunden im Voraus angefragt werden.<\/span><\/p><p><span style=\"font-weight: 400;\"> <\/span><\/p><h6><b>Buchungs\u00e4nderungen<\/b><\/h6><p><span style=\"font-weight: 400;\">Anfragen zur \u00c4nderung von Daten oder anderen Reservierungsdetails unterliegen der Verf\u00fcgbarkeit und k\u00f6nnen zus\u00e4tzliche Kosten verursachen. <\/span><\/p><p><span style=\"font-weight: 400;\">F\u00fcr \u00c4nderungsanfragen muss der Gast sich an folgende Adresse wenden: <\/span><a href=\"mailto:booking@thehamptonslanzarote.com\"><span style=\"font-weight: 400;\">booking@thehamptonslanzarote.com<\/span><\/a><\/p><p>Die Annahme von \u00c4nderungen kann nicht garantiert werden und unterliegt den zum Zeitpunkt der Anfrage geltenden Stornierungsbedingungen.<\/p><h3><b>H\u00f6here Gewalt<\/b><\/h3><p><span style=\"font-weight: 400;\">Green Concepts Canarias haftet nicht f\u00fcr die Nichterf\u00fcllung ihrer Verpflichtungen, wenn diese auf h\u00f6here Gewalt zur\u00fcckzuf\u00fchren ist, einschlie\u00dflich, aber nicht beschr\u00e4nkt auf Naturkatastrophen, Pandemien, Kriege, Streiks, Terrorakte oder andere unvorhersehbare und unvermeidbare Umst\u00e4nde.<\/span><\/p><p><span style=\"font-weight: 400;\">Im Falle h\u00f6herer Gewalt, die den Aufenthalt verhindert, wird eine einvernehmlich vereinbarte alternative L\u00f6sung gesucht.<\/span><\/p><p><span style=\"font-weight: 400;\"> <\/span><\/p><h3><b>Datenschutz<\/b><\/h3><p><span style=\"font-weight: 400;\">Die von den G\u00e4sten bereitgestellten personenbezogenen Daten werden gem\u00e4\u00df DSGVO und LOPDGDD verarbeitet, wie in der Datenschutzerkl\u00e4rung und dem Impressum der Website detailliert beschrieben. <\/span><\/p><p><span style=\"font-weight: 400;\">Die Daten werden ausschlie\u00dflich zur Buchungsverwaltung, f\u00fcr servicebezogene Kommunikation und zur Verbesserung des G\u00e4steerlebnisses verwendet.<\/span><\/p><p><span style=\"font-weight: 400;\"> <\/span><\/p><h3><b>Beschwerden<\/b><\/h3><p><span style=\"font-weight: 400;\">F\u00fcr Beschwerden bez\u00fcglich der erbrachten Leistungen muss der Gast Green Concepts Canarias kontaktieren \u00fcber:<\/span><\/p><p><span style=\"font-weight: 400;\">E-Mail:<span style=\"color: #003366;\"> <a href=\"mailto:info@thehamptonslanzarote.com\">info@thehamptonslanzarote.com<\/a><\/span><\/span><\/p><p>F\u00fcr Buchungen und Anfragen: Englisch\/Spanisch: Alina Chircu Constantin &#8211; +34 659 776 176<\/p><p>Deutsch: Johanna-Sophie Hoffmann &#8211; +44 7502 224 078<\/p><p><span style=\"font-weight: 400;\">Green Concepts Canarias verpflichtet sich, alle Beschwerden innerhalb von maximal 7 Werktagen zu beantworten.<\/span><\/p><p><span style=\"font-weight: 400;\"> <\/span><\/p><h3><b>Anwendbares Recht<\/b><\/h3><p><span style=\"font-weight: 400;\">Diese Allgemeinen Gesch\u00e4ftsbedingungen unterliegen spanischem Recht. Zur Beilegung von Streitigkeiten unterwerfen sich die Parteien ausdr\u00fccklich den Gerichten und Gerichtsh\u00f6fen von Las Palmas de Gran Canaria und verzichten ausdr\u00fccklich auf jede andere ihnen zustehende Gerichtsbarkeit. <\/span><\/p><p><span style=\"font-weight: 400;\"> <\/span><\/p><h6><b>Annahme der Bedingungen<\/b><\/h6><p><span style=\"font-weight: 400;\">Mit der Reservierung bei The Hamptons erkl\u00e4rt der Gast, diese Allgemeinen Gesch\u00e4ftsbedingungen sowie den rechtlichen Hinweis und die Datenschutzrichtlinie der Website gelesen, verstanden und vollst\u00e4ndig akzeptiert zu haben.<\/span><\/p><p><span style=\"font-weight: 400;\"> <\/span><\/p><p><span style=\"font-weight: 400;\">Zuletzt aktualisiert: Februar 2026 &#8211; <\/span><span style=\"font-weight: 400;\">\u00a9 Green Concepts Canarias, S.L. 2026. Alle Rechte vorbehalten.<\/span><\/p><p><span style=\"font-weight: 400;\"> <\/span><\/p><p><span style=\"font-weight: 400;\"> <\/span><\/p>\t\t\t\t\t\t\t\t<\/div>\n\t\t\t\t\t<\/div>\n\t\t\t\t<\/div>\n\t\t\t\t<\/div>\n\t\t","protected":false},"excerpt":{"rendered":"<p>Allgemeine Gesch\u00e4ftsbedingungen Beschreibung der Unterkunft The Hamptons Collection ist eine exklusive Luxusvilla in der Calle Tanausu 110, Puerto Calero, Lanzarote. Die Unterkunft bietet private Unterk\u00fcnfte f\u00fcr maximal 6 G\u00e4ste auf Basis einer vollst\u00e4ndigen Villenmiete. Ausstattung der Villa: 3 Schlafzimmer (2 Einzelbetten, 1 Kingsize-Bett, 2 Doppelbetten) 5 Badezimmer Maximale Kapazit\u00e4t: 6 Personen Privater beheizter Pool, 1,30 [&hellip;]<\/p>\n","protected":false},"author":1,"featured_media":0,"parent":0,"menu_order":0,"comment_status":"closed","ping_status":"closed","template":"elementor_header_footer","meta":{"footnotes":""},"class_list":["post-2187","page","type-page","status-publish","hentry"],"_links":{"self":[{"href":"https:\/\/thehamptonslanzarote.com\/de\/wp-json\/wp\/v2\/pages\/2187","targetHints":{"allow":["GET"]}}],"collection":[{"href":"https:\/\/thehamptonslanzarote.com\/de\/wp-json\/wp\/v2\/pages"}],"about":[{"href":"https:\/\/thehamptonslanzarote.com\/de\/wp-json\/wp\/v2\/types\/page"}],"author":[{"embeddable":true,"href":"https:\/\/thehamptonslanzarote.com\/de\/wp-json\/wp\/v2\/users\/1"}],"replies":[{"embeddable":true,"href":"https:\/\/thehamptonslanzarote.com\/de\/wp-json\/wp\/v2\/comments?post=2187"}],"version-history":[{"count":3,"href":"https:\/\/thehamptonslanzarote.com\/de\/wp-json\/wp\/v2\/pages\/2187\/revisions"}],"predecessor-version":[{"id":6692,"href":"https:\/\/thehamptonslanzarote.com\/de\/wp-json\/wp\/v2\/pages\/2187\/revisions\/6692"}],"wp:attachment":[{"href":"https:\/\/thehamptonslanzarote.com\/de\/wp-json\/wp\/v2\/media?parent=2187"}],"curies":[{"name":"wp","href":"https:\/\/api.w.org\/{rel}","templated":true}]}}